{"id":1803,"date":"2019-03-12T11:32:00","date_gmt":"2019-03-12T10:32:00","guid":{"rendered":"https:\/\/allton.de\/?page_id=1803"},"modified":"2019-12-18T19:36:39","modified_gmt":"2019-12-18T18:36:39","slug":"wellness","status":"publish","type":"page","link":"https:\/\/dev.allton.de\/en\/customer\/wellness\/","title":{"rendered":"Wellness"},"content":{"rendered":"\n<div class=\"block-title-and-icons-outer\">\n\t<div class=\"block-title-and-icons\">\n\t\t\t\t<h1 class=\"entry-title\">Wellness<\/h1>\n\n\t\t\n\t\t\t\t<div class=\"block-icons\">\n\t\t\t<span class=\"icon home\"><a href=\"\/\" title=\"Zur Startseite\">\n\t\t\t\t<svg class=\"icon-home-inline\" xmlns=\"http:\/\/www.w3.org\/2000\/svg\" viewBox=\"0 0 1664 1792\">\n\t\t\t\t\t<path d=\"M1408 992v480q0 26-19 45t-45 19h-384v-384h-256v384h-384q-26 0-45-19t-19-45v-480q0-1 .5-3t.5-3l575-474 575 474q1 2 1 6zm223-69l-62 74q-8 9-21 11h-3q-13 0-21-7l-692-577-692 577q-12 8-24 7-13-2-21-11l-62-74q-8-10-7-23.5t11-21.5l719-599q32-26 76-26t76 26l244 204v-195q0-14 9-23t23-9h192q14 0 23 9t9 23v408l219 182q10 8 11 21.5t-7 23.5z\"\/>\n\t\t\t\t<\/svg><\/a>\n\t\t\t<\/span>\n\t\t\t<span class=\"icon phone\"><a href=\"tel:+4966938350\" title=\"Jetzt anrufen!\"\">\n\t\t\t\t<svg class=\"icon-phone-inline\" xmlns=\"http:\/\/www.w3.org\/2000\/svg\" viewBox=\"0 0 1408 1792\">\n\t\t\t\t\t<path d=\"M1408 1240q0 27-10 70.5t-21 68.5q-21 50-122 106-94 51-186 51-27 0-52.5-3.5t-57.5-12.5-47.5-14.5-55.5-20.5-49-18q-98-35-175-83-128-79-264.5-215.5t-215.5-264.5q-48-77-83-175-3-9-18-49t-20.5-55.5-14.5-47.5-12.5-57.5-3.5-52.5q0-92 51-186 56-101 106-122 25-11 68.5-21t70.5-10q14 0 21 3 18 6 53 76 11 19 30 54t35 63.5 31 53.5q3 4 17.5 25t21.5 35.5 7 28.5q0 20-28.5 50t-62 55-62 53-28.5 46q0 9 5 22.5t8.5 20.5 14 24 11.5 19q76 137 174 235t235 174q2 1 19 11.5t24 14 20.5 8.5 22.5 5q18 0 46-28.5t53-62 55-62 50-28.5q14 0 28.5 7t35.5 21.5 25 17.5q25 15 53.5 31t63.5 35 54 30q70 35 76 53 3 7 3 21z\"\/>\n\t\t\t\t<\/svg><\/a>\n\t\t\t<\/span>\n\t\t\t<span class=\"icon email\"><a href=\"mailto:info@allton.de\" title=\"Email schicken\">\n\t\t\t\t<svg class=\"icon-email-inline\" xmlns=\"http:\/\/www.w3.org\/2000\/svg\" viewBox=\"0 0 1792 1792\">\n\t\t\t\t\t<path d=\"M1664 1504v-768q-32 36-69 66-268 206-426 338-51 43-83 67t-86.5 48.5-102.5 24.5h-2q-48 0-102.5-24.5t-86.5-48.5-83-67q-158-132-426-338-37-30-69-66v768q0 13 9.5 22.5t22.5 9.5h1472q13 0 22.5-9.5t9.5-22.5zm0-1051v-24.5l-.5-13-3-12.5-5.5-9-9-7.5-14-2.5h-1472q-13 0-22.5 9.5t-9.5 22.5q0 168 147 284 193 152 401 317 6 5 35 29.5t46 37.5 44.5 31.5 50.5 27.5 43 9h2q20 0 43-9t50.5-27.5 44.5-31.5 46-37.5 35-29.5q208-165 401-317 54-43 100.5-115.5t46.5-131.5zm128-37v1088q0 66-47 113t-113 47h-1472q-66 0-113-47t-47-113v-1088q0-66 47-113t113-47h1472q66 0 113 47t47 113z\"\/>\n\t\t\t\t<\/svg><\/a>\n\t\t\t<\/span>\n\t\t\t<span class=\"icon shop\"><a href=\"https:\/\/shop.allton.de\/\" title=\"Zum Shop\" target=\"_blank\">\n\t\t\t\t<svg xmlns=\"http:\/\/www.w3.org\/2000\/svg\" viewBox=\"0 0 2222 2010\">\n\t\t\t\t\t<path d=\"M2222 846a21.74 21.74 0 0 0-1.68 4.57c-7.35 53.65-32.7 97.86-70.94 135.28-35.63 34.87-78.65 56.24-126.13 70.07a310.66 310.66 0 0 1-66.69 11.42c-23.23 1.55-45.78-2.08-68.2-7.47-34.18-8.2-67.08-19.56-97-38.46-36.94-23.3-67.32-53-89.2-91.1a230.06 230.06 0 0 1-29.4-89.48c-.4-3.46-1.67-6.82-2.54-10.24l-2.36-.07c-.62 2.6-1.57 5.17-1.8 7.8-3.16 34.72-14.22 66.68-32 96.68-29.1 49.08-71 83.34-122.43 106.2-44.58 19.83-91.7 27.17-140.43 24.06-49.85-3.18-96.08-17.7-138.26-44.48-46.27-29.4-81.07-68.73-101.47-120-7.53-18.9-12.88-38.52-14.83-58.9a71.51 71.51 0 0 0-1.42-8.85c-.27-1.2-1.23-2.25-2.84-5-1.07 4.32-2.13 7-2.4 9.83-3.96 40.7-17.86 77.6-41.16 111.13-35.2 50.55-83.12 83.55-141.16 102.6-49.25 16.17-99.18 17.5-149.93 7.7-44.65-8.62-85.35-25.66-121.33-53.4-44.3-34.16-75.6-77.43-89.88-132-2.85-10.9-4.2-22.2-6.3-33.32-.63-3.36-1.5-6.68-2.27-10h-2.24a68.89 68.89 0 0 0-1.89 8.29 230.56 230.56 0 0 1-41.5 109.89c-32.34 45.8-75.1 77.78-127.54 96.84-18.1 6.57-36.8 11.5-55.27 17-16.14 4.83-32.8 6-49.45 4.9-19.25-1.32-38.64-2.6-57.54-6.2-15.58-3-30.63-8.93-45.73-14.1-45.43-15.57-83.92-41.76-115.5-77.78C29 932.6 9.75 889.77 3.9 841c-.53-4.43-2.56-8.68-3.9-13v-72l27.93-.18q1085.06 0 2170.1 0l24 .18zM0 1942c1.67-3.13 3.87-6.1 4.92-9.43 8.85-28 33.73-44 60.18-44.5l126.92-.47 146.92-.46q199.43 0 398.84.25 555.32.07 1110.6 0l159.88-.45 140.92.27c15.5 0 30.27 2.12 44.16 10.14 13.16 7.6 21.36 18.55 26.6 32.3.56 1.48 1.35 2.87 2 4.3v28c-7.53 22.22-22.94 36.34-44.95 43.6-5 1.64-10 2.94-15.05 4.4H62c-3-1.1-6-2.4-9-3.27-20.75-5.84-36.9-17.3-45.92-37.45-2.53-5.68-4.7-11.52-7-17.28zM1862 0l21.8 1.77c19.7 2.05 36.83 9.56 49 25.6 23.85 31.47 12.1 72.74-24.32 88.86-8.32 3.7-17.85 5.1-27 6.3-8.2 1.1-16.63.62-25 .62q-743.32 0-1486.67 0c-14.32 0-28.77 1-42.7-3.27-44.83-13.65-58.46-59.27-34.62-91.65 12.14-16.37 29.64-24.23 49.7-26.4C349.44 1 356.73.6 364 0zm-480.17 1176.2c44.28.46 80.26 4.85 114.4 18.64 74.13 29.94 120.36 84.83 141.53 161.23 11.7 42.16 14.08 85.3 11 128.84-2.3 32.76-7.9 64.86-20.45 95.33-33.84 82.2-95.14 130.64-182.45 145.77-44.84 7.77-89.82 6.8-133.85-5.14-87.55-23.7-142.82-80.7-167.9-167.25-12.4-42.75-14.1-86.64-11.1-130.8 2-29.36 6.7-58.22 16.5-86.1 15.68-44.5 42.2-81.38 78.73-111.08 32.23-26.2 69.9-39.58 110.45-45.4 16.82-2.42 33.84-3.24 43.12-4.04zm-138.6 275.53c0 23 1.5 45.94 6.8 68.45 6.46 27.35 17.52 52.4 36.8 73.28 30.5 33.07 68.64 46.87 113.1 44.72 33.6-1.63 62.85-13.44 87.5-36.5 20-18.74 32.82-41.77 40.44-67.84 11-37.66 12.1-76.17 9-114.93-1.93-24.37-6.78-48.15-16.93-70.57-15.8-34.85-41.42-59.47-77.72-71.8a154.76 154.76 0 0 0-97.36-1.35c-47 14.6-75.94 47.5-90.6 93.64-8.54 26.93-11.07 54.76-11.05 82.88zm-1227.5 94.75l103.9-9.93 2.4 7.8c4.08 12.3 7.15 25.05 12.5 36.76 12.84 28.1 34.94 45.8 65 52.93a168.12 168.12 0 0 0 86-2 81.63 81.63 0 0 0 43.75-30 59.78 59.78 0 0 0 12.56-35.18c.48-18.76-6.54-34.22-22.8-43.84a149.52 149.52 0 0 0-33.56-15c-31.94-9.35-64.27-17.33-96.38-26.1-27-7.4-53.53-16.32-78.16-30-32.76-18.16-56.45-44.45-68.68-80-21.7-63.17 4-131.9 61.5-166.24 22.05-13.17 46.05-21 71.24-24.9 46.25-7.2 92.34-6.17 137.85 5.45 35.87 9.16 66.47 27 89.37 56.8 21.28 27.66 30.6 59.32 32.15 95.23-36.05 2.1-71.47 2.8-107.28 4.26l-5-18.88c-9.45-32.55-31.14-51-64.58-55.78-25.33-3.62-50.6-3.77-75.17 4.1a104 104 0 0 0-26.82 12.89c-22.13 15.18-24.08 44.86-4.07 62.87 6.78 6.1 15.32 10.63 23.7 14.44 22.2 10.1 45.8 16.1 69.43 21.9 32.34 7.92 64.64 16 95.82 27.87 16.86 6.43 33.2 13.9 47.87 24.55 35.44 25.72 55.17 60.4 60.1 103.94 3.58 31.53.1 61.8-13.26 90.73-21.92 47.5-59.77 75.5-109.4 88.8-41.4 11.1-83.58 12.74-126 8.65a292.33 292.33 0 0 1-51.94-9.56c-62.34-17.8-101.92-59.26-121.47-120.45a232 232 0 0 1-10.59-52.11zm670.18-58.78v231.94H579.7c-2-6.63-2.65-519.3-.5-532.64h106.34v207.32c7.88 2.4 194.2 3.25 211.75 1.08v-208.54h106.07c2.15 7 2.8 519.87.6 532.92h-106.4v-231.4c-8.14-2.37-198.3-2.9-211.65-.68zm1192.58 32v200h-106.2c-2.1-7-2.58-520.95-.37-532.74 2.7-.2 5.6-.56 8.5-.56l185 .27c29.94.37 60.1 1.2 89.72 5.2 59.34 8.05 97.6 43.47 116.17 99.33 12.47 37.5 12.06 76.26 1.77 114.4-15.64 57.9-66 101.55-125.6 108.3-28.1 3.18-56.44 4.5-84.7 5.57-24 .9-48 .24-72 .27zm.6-242.54V1429c2.5.25 4.4.6 6.33.6 23.32-.05 46.68.53 70-.43 19.25-.8 38.74-1.86 57.55-5.67 27.3-5.52 46-22.84 52.85-50.12 7-27.82 2.62-53.67-19.3-74.45-14.8-14-33.14-19.88-52.88-20.53l-109.92-2a31 31 0 0 0-4.62.75zM4.48 688.23l12.8-23.5q46.72-84.3 93.5-168.6 34.1-61.56 68.15-123.13 35.2-63.82 70.28-127.7l27.23-48.83c2.55-4.7 5.7-7.1 11.08-6.4a31.39 31.39 0 0 0 4 0q821.37 0 1642.74-.22c8.5 0 13.5 2.44 17.4 9.67l36.57 66.5q41.3 74.76 82.6 149.5 49.77 90 99.56 180 23.43 42.36 46.78 84.78c1.2 2.2 2.07 4.57 3.6 8zM686.55 277.1c-15.84-.17-27.36 7-35 20.65L631 334.27l-60.47 110.26-56 101.34c-7.53 13.65-4.24 29.35 7.47 39.7 15.28 13.5 44.3 12.56 57.42-9.1q5.94-9.83 11.5-19.9l66.22-120.8 60.6-109a41 41 0 0 0 4.3-12.11c3.78-20.22-14.96-38.16-35.5-37.6zm864.6 8.76c-20.63-1.06-44.42 24.63-27.07 52 11.54 18.23 21 37.8 31.4 56.72q36.63 66.38 73.33 132.73l31.57 56.62c6.26 11.24 15.68 17.8 28.48 19.46 15.56 2 36.2-7.38 40.25-26.74 2.26-10.8-1.85-19.62-6.68-28.4q-31.28-56.8-62.74-113.48l-49.57-90q-11.1-20.08-22.54-40c-7.3-12.58-18.58-18.48-36.43-18.9zm-401.1 154.4h0l.07-123.88c.06-12.82-5.1-22.62-15.62-29.44-12.87-8.33-26.46-8.32-39.84-1.43-13.1 6.75-18.68 17.84-18.64 32.66q.3 121.9-.08 243.77c-.08 17.27 12.63 36.7 37.65 36.66 21.1 0 36.44-15.27 36.46-36.45q.05-60.94 0-121.9z\"\/>\n\t\t\t\t<\/svg>\n\t\t\t\t<\/a>\n\t\t\t<\/span>\n\t\t<\/div>\t\t\t\t\t\t\t<\/div><\/div>\n\n\n<div class=\"wp-block-columns has-3-columns is-layout-flex wp-container-core-columns-is-layout-1 wp-block-columns-is-layout-flex\">\n<div class=\"wp-block-column is-layout-flow wp-block-column-is-layout-flow\">\n<h4 class=\"wp-block-heading\">Experience sound wellness<\/h4>\n\n\n\n<p>Take a dive into the sounds of your inner universe. Attentively listening to music and sounds increases joy of life and well-being.<\/p>\n\n\n\n<p>Feeling music and sound with all of your body. Our ergonomically shaped couches with sound massage effect enable anyone to enjoy this deeply relaxing experience.<\/p>\n\n\n\n<p>Mit Klangwellness (mit Klanginstrumenten und noch intensiver mit Klang-Relaxliegen) schaffen Sie ein attraktives Entspannungserlebnis f\u00fcr Ihre G\u00e4ste, durch das diese in k\u00fcrzester Zeit aus dem Alltagskarusell in die Erholungszeit wechseln k\u00f6nnen. Dies Erlebnis bleibt nachhaltig in angenehmer Erinnerung \u2013 so auch der Aufenthalt in Ihrem Hotel, Spa-Bereich, Wellnessanlage!<\/p>\n\n\n\n<p>Unser Musik-Lounger (auch \u201eKlangwoge\u201c genannt) entstammt aus unserer Entwicklung und Manufaktur in Nordhessen. Hier fertigen wir auch unsere anderen&nbsp;Klang-Erlebnis-M\u00f6bel wie der Klangschaukelstuhl, die Klangwiege und einiges mehr.<\/p>\n\n\n\n<p>Auch Relaxliegen f\u00fcr \u00f6ffentliche Bereiche, die mit weniger Platz auskommen, die mit oder ohne Klangmassage-Effekt ausgestattet sind, die schaukeln oder nicht schaukeln k\u00f6nnen, in individueller Form und Farbe gestaltet sein sollen \u2013 dies alles fertigen wir speziell auch f\u00fcr Ihren Bedarf.&nbsp;Spezielle Klanginstrumente f\u00fcr Klanganwendungen mit Klangschalen, Oceandrums, Gongs, Swinging Chimes, harmonisch klingenden und f\u00fcr Laien spielbaren Klanginstrumente wie Sansula oder Hapi Drum haben wir f\u00fcr Sie auch im Angebot. Fragen Sie uns.<\/p>\n<\/div>\n\n\n\n<div class=\"wp-block-column is-layout-flow wp-block-column-is-layout-flow\">\n<h4 class=\"wp-block-heading\">Musik-Lounger Wellbalance<\/h4>\n\n\n\n<p>Feel the music! Der Musik-Lounger (auch \u201eKlangwoge\u201c genannt) \u00fcbertr\u00e4gt \u00fcber spezielle Resonanzgeber Musik auf die Liegefl\u00e4che. Die Musik schwingt dadurch in sanften Wellen durch den ganzen K\u00f6rper \u2013 das sorgt in k\u00fcrzester Zeit f\u00fcr Wohlbefinden, Schmerzlinderung, Entspannung vom Alltagsstress und f\u00fcr Erholung mit allen Sinnen.&nbsp;<\/p>\n\n\n\n<p>Unsere Liege bietet in Ihrer Formsch\u00f6nheit, Langlebigkeit und Variablit\u00e4t viele Vorteile:<\/p>\n\n\n\n<ul class=\"wp-block-list\"><li>Ultrabequeme ergnomische und formsch\u00f6ne Liegeform als Einzel- oder auch&nbsp;&nbsp;Zweierliege!<\/li><li>Erlebnis-Attraktion f\u00fcr ihre G\u00e4ste, die kaum Personalaufwand erfordert.<\/li><li>Leicht bedienbar und pflegbar, multifunktional (kann auch als Behandlungsliege eingesetzt werden).<\/li><li>Aufwertung bisher unattraktiver R\u00e4ume in hochwertige Erlebniszonen.&nbsp;<\/li><li>Individuelle Einstellungen durch Musikauswahl und Vibrationsregulierung m\u00f6glich.Neue Wellnessanwendungen mit Musik\/Klangerlebnis \u2013 speziell f\u00fcr alle G\u00e4ste, die Musik lieben!&nbsp;<\/li><\/ul>\n<\/div>\n\n\n\n<div class=\"wp-block-column is-layout-flow wp-block-column-is-layout-flow\">\n<h4 class=\"wp-block-heading\">Bodysense \u2013 Medical Wellness<\/h4>\n\n\n\n<p>Mit unserem Partner J\u00fcrgen Woldt, dem Gr\u00fcnder von&nbsp;BodySense\u00ae,&nbsp;haben wir unsere ergonomische Klangliege weiterentwickelt in die Bodysense- Liege, bei der mit gezielten audio-visuellen Impulsen der Energieflu\u00df und die Selbstregulationsf\u00e4higkeit des K\u00f6rpers gest\u00e4rkt wird.<\/p>\n\n\n\n<p>Laut chinesischer Energielehre ist jede k\u00f6rperliche und psychische Erkrankung auf eine St\u00f6rung des Energiesystems zur\u00fcckzuf\u00fchren, Die Zuordnung der 5 Elemente zu den entsprechenden Organen wird schon lange in die Arbeit von TCM-\u00c4rzten einbezogen. Einzigartig am Bodysense-System ist, dass die Zugeh\u00f6rigkeit von bestimmten Muskelbewegungen zu den Organen \u00fcber Jahrzehnte empirisch erforscht werden konnte. Daraus wurden die Bewegungsclips (\u201eK\u00f6rperfeldcoaching\u201c) als audiovisuelle Impulse entwickelt. Man liegt entspannt, h\u00f6rt die eigens entwickelte Musik, die den verschiedenen Organkreisl\u00e4ufen entsprechen und betrachtet dabei die dazu geh\u00f6rigen Bewegungsabl\u00e4ufe in den zugeh\u00f6renden bewegten Naturph\u00e4nomenen. Ein Durchlauf dauert 10- 20 Min. je nach Anwendungsbereich.<\/p>\n\n\n\n<p>\u201eDurch Hilfe des K\u00f6rperfeldcoachings kannst du direkt die Energiepunkte in deinem K\u00f6rper ansteuern, die durch die Verbindung zu Muskulatur und deinen Organen, bei der Heilung von k\u00f6rperlichen und geistigen Symptomen eine unterst\u00fctzende Wirkung haben.\u201c J\u00fcrgen Woldt&nbsp;<\/p>\n\n\n\n<p>Sie unterst\u00fctzen also die Gesundheit Ihrer Kunden\/Klienten\/Sportler w\u00e4hrend diese sich bei Ihnen genu\u00dfreich erholen. Weitere Infos: <a href=\"https:\/\/dev.allton.de\/wp-content\/uploads\/2019\/03\/Referenz-Senseintelligence.pdf\">PDF-Senseintelligence<\/a><\/p>\n<\/div>\n<\/div>\n\n\n\n<div class=\"wp-block-columns has-3-columns is-layout-flex wp-container-core-columns-is-layout-2 wp-block-columns-is-layout-flex\">\n<div class=\"wp-block-column is-layout-flow wp-block-column-is-layout-flow\">\n<figure class=\"wp-block-embed-youtube wp-block-embed is-type-video is-provider-youtube wp-embed-aspect-16-9 wp-has-aspect-ratio\"><div class=\"wp-block-embed__wrapper\">\n<iframe loading=\"lazy\" title=\"Allton Wellnessliege Klangwoge in der SpaVilla\" width=\"1778\" height=\"1000\" src=\"https:\/\/www.youtube.com\/embed\/qXbI4zd0ZIw?feature=oembed\" frameborder=\"0\" allow=\"accelerometer; autoplay; encrypted-media; gyroscope; picture-in-picture\" allowfullscreen><\/iframe>\n<\/div><\/figure>\n<\/div>\n\n\n\n<div class=\"wp-block-column is-layout-flow wp-block-column-is-layout-flow\">\n<figure class=\"wp-block-embed-youtube wp-block-embed is-type-video is-provider-youtube wp-embed-aspect-16-9 wp-has-aspect-ratio\"><div class=\"wp-block-embed__wrapper\">\n<iframe loading=\"lazy\" title=\"Kurhessentherme 1001-Nacht Wellnessliege\" width=\"1778\" height=\"1000\" src=\"https:\/\/www.youtube.com\/embed\/rTxJVEq4Kps?feature=oembed\" frameborder=\"0\" allow=\"accelerometer; autoplay; encrypted-media; gyroscope; picture-in-picture\" allowfullscreen><\/iframe>\n<\/div><\/figure>\n<\/div>\n\n\n\n<div class=\"wp-block-column is-layout-flow wp-block-column-is-layout-flow\">\n<figure class=\"wp-block-embed-youtube wp-block-embed is-type-video is-provider-youtube wp-embed-aspect-16-9 wp-has-aspect-ratio\"><div class=\"wp-block-embed__wrapper\">\n<iframe loading=\"lazy\" title=\"Behandlungsliege Medibalance\" width=\"1778\" height=\"1000\" src=\"https:\/\/www.youtube.com\/embed\/mJfYM5Cyi2Y?feature=oembed\" frameborder=\"0\" allow=\"accelerometer; autoplay; encrypted-media; gyroscope; picture-in-picture\" allowfullscreen><\/iframe>\n<\/div><\/figure>\n<\/div>\n<\/div>\n","protected":false},"excerpt":{"rendered":"<p>Experience sound wellness Take a dive into the sounds of your inner universe. Attentively listening to music and sounds increases joy of life and well-being. Feeling music and sound with <a href=\"https:\/\/dev.allton.de\/en\/customer\/wellness\/\" class=\"more-link\">&#8230;<\/a><\/p>\n","protected":false},"author":2,"featured_media":1521,"parent":1637,"menu_order":6,"comment_status":"closed","ping_status":"closed","template":"","meta":{"_acf_changed":false,"footnotes":""},"class_list":["post-1803","page","type-page","status-publish","has-post-thumbnail","hentry"],"acf":[],"_links":{"self":[{"href":"https:\/\/dev.allton.de\/en\/wp-json\/wp\/v2\/pages\/1803","targetHints":{"allow":["GET"]}}],"collection":[{"href":"https:\/\/dev.allton.de\/en\/wp-json\/wp\/v2\/pages"}],"about":[{"href":"https:\/\/dev.allton.de\/en\/wp-json\/wp\/v2\/types\/page"}],"author":[{"embeddable":true,"href":"https:\/\/dev.allton.de\/en\/wp-json\/wp\/v2\/users\/2"}],"replies":[{"embeddable":true,"href":"https:\/\/dev.allton.de\/en\/wp-json\/wp\/v2\/comments?post=1803"}],"version-history":[{"count":2,"href":"https:\/\/dev.allton.de\/en\/wp-json\/wp\/v2\/pages\/1803\/revisions"}],"predecessor-version":[{"id":1805,"href":"https:\/\/dev.allton.de\/en\/wp-json\/wp\/v2\/pages\/1803\/revisions\/1805"}],"up":[{"embeddable":true,"href":"https:\/\/dev.allton.de\/en\/wp-json\/wp\/v2\/pages\/1637"}],"wp:featuredmedia":[{"embeddable":true,"href":"https:\/\/dev.allton.de\/en\/wp-json\/wp\/v2\/media\/1521"}],"wp:attachment":[{"href":"https:\/\/dev.allton.de\/en\/wp-json\/wp\/v2\/media?parent=1803"}],"curies":[{"name":"wp","href":"https:\/\/api.w.org\/{rel}","templated":true}]}}